{"id":905,"date":"2019-09-06T14:12:43","date_gmt":"2019-09-06T13:12:43","guid":{"rendered":"https:\/\/macteanimo.fr\/?post_type=product&#038;p=905"},"modified":"2019-09-06T14:12:43","modified_gmt":"2019-09-06T13:12:43","slug":"cours-grammaire-anglaise","status":"publish","type":"product","link":"https:\/\/macteanimo.fr\/gb\/produit\/cours-grammaire-anglaise\/","title":{"rendered":"Pack de 5 cours collectifs &#8211; Grammaire anglaise"},"content":{"rendered":"<p>Pack de 5 cours de grammaire anglaise &#8211; \u00a0 Ce pack couvre les conjugaisons et l&#8217;emploi du pr\u00e9sent, du pr\u00e9t\u00e9rit, du present perfect, du conditionnel et des modaux en anglais.<\/p>\n","protected":false},"excerpt":{"rendered":"[contact-form to=\"anne_webster@macteanimo.fr\"][contact-field label=\"Nom\" type=\"name\" required=\"1\"][contact-field label=\"E-mail\" type=\"email\" required=\"1\"][contact-field label=\"T\u00e9l\u00e9phone\" type=\"text\" required=\"1\"][contact-field label=\"Message\" type=\"textarea\"][\/contact-form]\n","protected":false},"featured_media":906,"template":"","meta":{"advanced_seo_description":"","jetpack_seo_html_title":"","jetpack_seo_noindex":false,"jetpack_publicize_message":"Nouvelle offre chez Macte animo - Perfectionnez vous en grammaire anglaise avec un pack de 5 cours","jetpack_publicize_feature_enabled":true,"jetpack_social_post_already_shared":true,"jetpack_social_options":{"image_generator_settings":{"template":"highway","default_image_id":0,"font":"","enabled":false},"version":2},"_wpas_customize_per_network":false},"product_brand":[],"product_cat":[6365,6360],"product_tag":[],"class_list":{"0":"post-905","1":"product","2":"type-product","3":"status-publish","4":"has-post-thumbnail","6":"product_cat-cours-anglais","7":"product_cat-grammaire","9":"first","10":"instock","11":"virtual","12":"taxable","13":"purchasable","14":"product-type-simple"},"translation":{"provider":"WPGlobus","version":"3.0.2","language":"gb","enabled_languages":["fr","gb"],"languages":{"fr":{"title":true,"content":true,"excerpt":true},"gb":{"title":false,"content":false,"excerpt":false}}},"jetpack_publicize_connections":[],"jetpack_likes_enabled":false,"jetpack_sharing_enabled":true,"amp_enabled":true,"_links":{"self":[{"href":"https:\/\/macteanimo.fr\/gb\/wp-json\/wp\/v2\/product\/905","targetHints":{"allow":["GET"]}}],"collection":[{"href":"https:\/\/macteanimo.fr\/gb\/wp-json\/wp\/v2\/product"}],"about":[{"href":"https:\/\/macteanimo.fr\/gb\/wp-json\/wp\/v2\/types\/product"}],"wp:featuredmedia":[{"embeddable":true,"href":"https:\/\/macteanimo.fr\/gb\/wp-json\/wp\/v2\/media\/906"}],"wp:attachment":[{"href":"https:\/\/macteanimo.fr\/gb\/wp-json\/wp\/v2\/media?parent=905"}],"wp:term":[{"taxonomy":"product_brand","embeddable":true,"href":"https:\/\/macteanimo.fr\/gb\/wp-json\/wp\/v2\/product_brand?post=905"},{"taxonomy":"product_cat","embeddable":true,"href":"https:\/\/macteanimo.fr\/gb\/wp-json\/wp\/v2\/product_cat?post=905"},{"taxonomy":"product_tag","embeddable":true,"href":"https:\/\/macteanimo.fr\/gb\/wp-json\/wp\/v2\/product_tag?post=905"}],"curies":[{"name":"wp","href":"https:\/\/api.w.org\/{rel}","templated":true}]}}