{"id":677,"date":"2019-06-05T08:28:57","date_gmt":"2019-06-05T07:28:57","guid":{"rendered":"https:\/\/macteanimo.fr\/?post_type=product&#038;p=677"},"modified":"2019-06-06T11:12:21","modified_gmt":"2019-06-06T10:12:21","slug":"conversation-10-cours","status":"publish","type":"product","link":"https:\/\/macteanimo.fr\/gb\/produit\/conversation-10-cours\/","title":{"rendered":"Conversation 10 cours"},"content":{"rendered":"<p>S\u00e9rie de 10 cours de conversation anglaise + 1 gratuit<\/p>\n","protected":false},"excerpt":{"rendered":"[contact-form to=\"anne_webster@macteanimo.fr\"][contact-field label=\"Nom\" type=\"name\" required=\"1\"][contact-field label=\"E-mail\" type=\"email\" required=\"1\"][contact-field label=\"Message\" type=\"textarea\"][\/contact-form]\n<p>S\u00e9rie de 10 cours de conversation anglaise \u00e0 la Ruche \u00e0 Saint Nazaire. Un cours gratuit vous est offert.<\/p>\n","protected":false},"featured_media":684,"template":"","meta":{"advanced_seo_description":"","jetpack_seo_html_title":"","jetpack_seo_noindex":false,"jetpack_publicize_message":"Conversation 10 La Ruche","jetpack_publicize_feature_enabled":true,"jetpack_social_post_already_shared":true,"jetpack_social_options":{"image_generator_settings":{"template":"highway","default_image_id":0,"font":"","enabled":false},"version":2},"_wpas_customize_per_network":false},"product_brand":[],"product_cat":[6361],"product_tag":[6358],"class_list":{"0":"post-677","1":"product","2":"type-product","3":"status-publish","4":"has-post-thumbnail","6":"product_cat-conversation","7":"product_tag-conversation-10","9":"first","10":"instock","11":"virtual","12":"taxable","13":"purchasable","14":"product-type-simple"},"translation":{"provider":"WPGlobus","version":"3.0.2","language":"gb","enabled_languages":["fr","gb"],"languages":{"fr":{"title":true,"content":true,"excerpt":true},"gb":{"title":false,"content":false,"excerpt":false}}},"jetpack_publicize_connections":[],"jetpack_likes_enabled":false,"jetpack_sharing_enabled":false,"amp_enabled":true,"_links":{"self":[{"href":"https:\/\/macteanimo.fr\/gb\/wp-json\/wp\/v2\/product\/677","targetHints":{"allow":["GET"]}}],"collection":[{"href":"https:\/\/macteanimo.fr\/gb\/wp-json\/wp\/v2\/product"}],"about":[{"href":"https:\/\/macteanimo.fr\/gb\/wp-json\/wp\/v2\/types\/product"}],"wp:featuredmedia":[{"embeddable":true,"href":"https:\/\/macteanimo.fr\/gb\/wp-json\/wp\/v2\/media\/684"}],"wp:attachment":[{"href":"https:\/\/macteanimo.fr\/gb\/wp-json\/wp\/v2\/media?parent=677"}],"wp:term":[{"taxonomy":"product_brand","embeddable":true,"href":"https:\/\/macteanimo.fr\/gb\/wp-json\/wp\/v2\/product_brand?post=677"},{"taxonomy":"product_cat","embeddable":true,"href":"https:\/\/macteanimo.fr\/gb\/wp-json\/wp\/v2\/product_cat?post=677"},{"taxonomy":"product_tag","embeddable":true,"href":"https:\/\/macteanimo.fr\/gb\/wp-json\/wp\/v2\/product_tag?post=677"}],"curies":[{"name":"wp","href":"https:\/\/api.w.org\/{rel}","templated":true}]}}