{"id":1021,"date":"2020-01-13T21:56:57","date_gmt":"2020-01-13T20:56:57","guid":{"rendered":"https:\/\/macteanimo.fr\/?post_type=product&#038;p=1021"},"modified":"2020-01-13T22:55:02","modified_gmt":"2020-01-13T21:55:02","slug":"cours-grammaire-anglaise-saint-nazaire","status":"publish","type":"product","link":"https:\/\/macteanimo.fr\/gb\/produit\/cours-grammaire-anglaise-saint-nazaire\/","title":{"rendered":"Cours grammaire Jeudi 16 Janvier 2020"},"content":{"rendered":"<p>Cours de grammaire module groupe nominal<\/p>\n<p>Ce premier cours portera sur les noms; le singulier et le pluriel&#8230;plus difficile qu\u2019on ne pense; \u00a0news par exemple est toujours au pluriel en anglais; pour dire une nouvelle il faut dire a piece of news. A l\u2019inverse , hair est toujours singulier alors qu\u2019en fran\u00e7ais on dira les cheveux au pluriel. Nous passerons en revue les diff\u00e9rences entre le fran\u00e7ais et l\u2019anglais<\/p>\n","protected":false},"excerpt":{"rendered":"<p>&nbsp;<\/p>\n[contact-form][contact-field label=\"Nom\" type=\"name\" required=\"1\"][contact-field label=\"E-mail\" type=\"email\" required=\"1\"][contact-field label=\"Num\u00e9ro de portable \" type=\"text\" required=\"1\"][contact-field label=\"Message\" type=\"textarea\"][\/contact-form]\n<p>&nbsp;<\/p>\n","protected":false},"featured_media":906,"template":"","meta":{"advanced_seo_description":"","jetpack_seo_html_title":"","jetpack_seo_noindex":false,"jetpack_publicize_message":"","jetpack_publicize_feature_enabled":true,"jetpack_social_post_already_shared":true,"jetpack_social_options":{"image_generator_settings":{"template":"highway","default_image_id":0,"font":"","enabled":false},"version":2},"_wpas_customize_per_network":false},"product_brand":[],"product_cat":[6365,6360],"product_tag":[],"class_list":{"0":"post-1021","1":"product","2":"type-product","3":"status-publish","4":"has-post-thumbnail","6":"product_cat-cours-anglais","7":"product_cat-grammaire","9":"first","10":"instock","11":"virtual","12":"taxable","13":"purchasable","14":"product-type-simple"},"translation":{"provider":"WPGlobus","version":"3.0.2","language":"gb","enabled_languages":["fr","gb"],"languages":{"fr":{"title":true,"content":true,"excerpt":true},"gb":{"title":false,"content":false,"excerpt":false}}},"jetpack_publicize_connections":[],"jetpack_likes_enabled":true,"jetpack_sharing_enabled":true,"amp_enabled":true,"_links":{"self":[{"href":"https:\/\/macteanimo.fr\/gb\/wp-json\/wp\/v2\/product\/1021","targetHints":{"allow":["GET"]}}],"collection":[{"href":"https:\/\/macteanimo.fr\/gb\/wp-json\/wp\/v2\/product"}],"about":[{"href":"https:\/\/macteanimo.fr\/gb\/wp-json\/wp\/v2\/types\/product"}],"wp:featuredmedia":[{"embeddable":true,"href":"https:\/\/macteanimo.fr\/gb\/wp-json\/wp\/v2\/media\/906"}],"wp:attachment":[{"href":"https:\/\/macteanimo.fr\/gb\/wp-json\/wp\/v2\/media?parent=1021"}],"wp:term":[{"taxonomy":"product_brand","embeddable":true,"href":"https:\/\/macteanimo.fr\/gb\/wp-json\/wp\/v2\/product_brand?post=1021"},{"taxonomy":"product_cat","embeddable":true,"href":"https:\/\/macteanimo.fr\/gb\/wp-json\/wp\/v2\/product_cat?post=1021"},{"taxonomy":"product_tag","embeddable":true,"href":"https:\/\/macteanimo.fr\/gb\/wp-json\/wp\/v2\/product_tag?post=1021"}],"curies":[{"name":"wp","href":"https:\/\/api.w.org\/{rel}","templated":true}]}}