{"id":96,"date":"2019-01-09T09:56:32","date_gmt":"2019-01-09T08:56:32","guid":{"rendered":"https:\/\/macteanimo.fr\/?page_id=96"},"modified":"2020-10-27T17:06:25","modified_gmt":"2020-10-27T16:06:25","slug":"traduction","status":"publish","type":"page","link":"https:\/\/macteanimo.fr\/gb\/traduction\/","title":{"rendered":"Traduction"},"content":{"rendered":"\n<p>Macte Animo vous propose des services de traduction et de relecture dans les langues suivantes:<\/p>\n\n\n\n<ul class=\"wp-block-list\"><li>De l&#8217;anglais vers le fran\u00e7ais pour la France, la Belgique et la Suisse<\/li><li>Du fran\u00e7ais vers l&#8217;anglais britannique ou am\u00e9ricain<\/li><li>De l&#8217;anglais am\u00e9ricain vers l&#8217;anglais britannique<\/li><li>De l&#8217;anglais vers l&#8217;espagnol pour l&#8217;Espagne<\/li><\/ul>\n\n\n\n<p>Nos domaines de pr\u00e9dilection sont l&#8217;informatique, les nouvelles technologies, le m\u00e9dical, le jeu vid\u00e9o, l&#8217;\u00e9ducatif, le marketing, l&#8217;audio vid\u00e9o, l&#8217;histoire, la cuisine et la gastronomie.<\/p>\n\n\n\n<p>Nos \u00e9quipes de traduction ont plus de 10 ans d&#8217;exp\u00e9rience dans le domaine de la localisation. <br><strong> Quelques projets r\u00e9alis\u00e9s par Macte Animo :<\/strong><\/p>\n\n\n\n<p><strong> Site web &#8211;<\/strong> <strong>Informatique<\/strong><br>&#8211; Traduction de site e-commerce de fran\u00e7ais en anglais et de ses mises \u00e0 jour<br>&#8211; Traduction d&#8217;un site associatif de fran\u00e7ais en anglais et de ses mises \u00e0 jour<\/p>\n\n\n\n<p><strong>M\u00e9dical<\/strong> <br>&#8211; Sous-titrage et traduction d&#8217;une vid\u00e9o sur la propagation de la Covid 19 d&#8217;anglais en fran\u00e7ais<br>&#8211; Sous -titrage et traduction d&#8217;une vid\u00e9o sur la protection contre la Covid 19 d&#8217;anglais en fran\u00e7ais<br>&#8211; Traduction d&#8217;un article sur la purification de l&#8217;air dans un cabinet dentaire de fran\u00e7ais en anglais <br>&#8211; Traduction d&#8217;une enqu\u00eate marketing sur la mise en place des mesures de protection contre la Covid 19 dans une entreprise d&#8217;anglais en fran\u00e7ais <\/p>\n\n\n\n<p><strong>Marketing<\/strong><br>&#8211; Traduction de document marketing de fran\u00e7ais en anglais pour une association<br>&#8211; Traduction de termes  SEO permettant une optimisation de la recherche en anglais britannique <br>&#8211; Traduction de posters pour une usine de production d&#8217;anglais en fran\u00e7ais<br>&#8211; Traduction de newsletters de fran\u00e7ais en anglais<br>&#8211; Traduction d&#8217;un portrait d&#8217;une dirigeante d&#8217;entreprise de fran\u00e7ais en anglais<br>&#8211; Adaptation d&#8217;anglais am\u00e9ricain en anglais britannique de documents marketing pour un des gafa<\/p>\n\n\n\n<p><strong>Education et Ludo-Educatif<\/strong><br>&#8211; Traduction d&#8217;un programme \u00e9ducatif pour les jeunes enfants d&#8217;anglais en fran\u00e7ais<br>&#8211; Traduction et adaptation de contenu \u00e9ducatif pour le programme de 1\u00e8re et de terminal<br>&#8211; Traduction d&#8217;un programme d&#8217;aide scolaire pour les \u00e9l\u00e8ves en confinement d&#8217;anglais en fran\u00e7ais  <\/p>\n\n\n\n<p> <strong>Nouvelles technologies <\/strong><br>&#8211; Adaptation d&#8217;anglais am\u00e9ricain en anglais britannique de documents techniques pour un des gafa <\/p>\n\n\n\n<p><strong>Juridique<\/strong> <br>&#8211; Traduction d&#8217;un accord de confidentialit\u00e9 d&#8217;anglais en fran\u00e7ais<br>&#8211; Traduction de conditions de vente d&#8217;anglais en fran\u00e7ais<br>&#8211; Traduction d&#8217;un programme de protection des lanceurs d&#8217;alerte d&#8217;anglais en fran\u00e7ais<\/p>\n\n\n\n<p><strong>Contr\u00f4le qualit\u00e9 &#8211; Relecture <\/strong><br>&#8211; Contr\u00f4le qualit\u00e9 de voix off de livres audio scolaires pour dyslexique en anglais britannique <br>&#8211; Contr\u00f4le qualit\u00e9 de voix off de livres audio scolaires pour dyslexique en fran\u00e7ais<br>&#8211; Relecture d&#8217;une offre d&#8217;emploi technique en anglais<br><br>Besoin d&#8217;un devis ? <a href=\"http:\/\/macteanimo.fr\/contact\/\">Contactez-nous <\/a>pour un devis gratuit.<\/p>\n","protected":false},"excerpt":{"rendered":"<p>Macte Animo vous propose des services de traduction et de relecture dans les langues suivantes: De l&#8217;anglais vers le fran\u00e7ais pour la France, la Belgique et la Suisse Du fran\u00e7ais vers l&#8217;anglais britannique ou am\u00e9ricain De l&#8217;anglais am\u00e9ricain vers l&#8217;anglais britannique De l&#8217;anglais vers l&#8217;espagnol pour l&#8217;Espagne Nos domaines de pr\u00e9dilection sont l&#8217;informatique, les nouvelles &hellip; <\/p>\n<p class=\"link-more\"><a href=\"https:\/\/macteanimo.fr\/gb\/traduction\/\" class=\"more-link\">Continue reading<span class=\"screen-reader-text\"> &#8220;Traduction&#8221;<\/span><\/a><\/p>\n","protected":false},"author":44262370,"featured_media":0,"parent":0,"menu_order":0,"comment_status":"closed","ping_status":"closed","template":"","meta":{"advanced_seo_description":"","jetpack_seo_html_title":"","jetpack_seo_noindex":false,"footnotes":""},"class_list":["post-96","page","type-page","status-publish","hentry"],"translation":{"provider":"WPGlobus","version":"3.0.2","language":"gb","enabled_languages":["fr","gb"],"languages":{"fr":{"title":true,"content":true,"excerpt":false},"gb":{"title":false,"content":false,"excerpt":false}}},"jetpack_likes_enabled":false,"jetpack_sharing_enabled":false,"jetpack_shortlink":"https:\/\/wp.me\/Pax6fS-1y","amp_enabled":true,"_links":{"self":[{"href":"https:\/\/macteanimo.fr\/gb\/wp-json\/wp\/v2\/pages\/96","targetHints":{"allow":["GET"]}}],"collection":[{"href":"https:\/\/macteanimo.fr\/gb\/wp-json\/wp\/v2\/pages"}],"about":[{"href":"https:\/\/macteanimo.fr\/gb\/wp-json\/wp\/v2\/types\/page"}],"author":[{"embeddable":true,"href":"https:\/\/macteanimo.fr\/gb\/wp-json\/wp\/v2\/users\/44262370"}],"replies":[{"embeddable":true,"href":"https:\/\/macteanimo.fr\/gb\/wp-json\/wp\/v2\/comments?post=96"}],"version-history":[{"count":22,"href":"https:\/\/macteanimo.fr\/gb\/wp-json\/wp\/v2\/pages\/96\/revisions"}],"predecessor-version":[{"id":1319,"href":"https:\/\/macteanimo.fr\/gb\/wp-json\/wp\/v2\/pages\/96\/revisions\/1319"}],"wp:attachment":[{"href":"https:\/\/macteanimo.fr\/gb\/wp-json\/wp\/v2\/media?parent=96"}],"curies":[{"name":"wp","href":"https:\/\/api.w.org\/{rel}","templated":true}]}}