{"id":1235,"date":"2020-08-10T15:49:40","date_gmt":"2020-08-10T14:49:40","guid":{"rendered":"https:\/\/macteanimo.fr\/?page_id=1235"},"modified":"2020-08-10T15:50:22","modified_gmt":"2020-08-10T14:50:22","slug":"formation-au-toeic","status":"publish","type":"page","link":"https:\/\/macteanimo.fr\/gb\/formation-au-toeic\/","title":{"rendered":"Formation au Toeic"},"content":{"rendered":"\n<p>Le Toeic est le test of English for International Communication. Vous avez besoin d&#8217;un bon score au Toeic pour votre universit\u00e9 ou un nouveau poste ? Nous pouvons vous aider \u00e0 progresser pour obtenir le meilleur score possible.<br>Notre formation de 20 heures comprend des r\u00e9visions grammaticales ainsi qu&#8217;un apprentissage du vocabulaire essentiel pour le Toeic. Nous partageons aussi nos secrets et notre tactique pour gagner des points !<\/p>\n","protected":false},"excerpt":{"rendered":"<p>entrainement Toeic test of English for international communication <\/p>\n","protected":false},"author":44262370,"featured_media":0,"parent":0,"menu_order":0,"comment_status":"closed","ping_status":"closed","template":"","meta":{"advanced_seo_description":"Toeic, entrainement au Toeic, Test of English for International Communication","jetpack_seo_html_title":"","jetpack_seo_noindex":false,"footnotes":""},"class_list":["post-1235","page","type-page","status-publish","hentry"],"translation":{"provider":"WPGlobus","version":"3.0.2","language":"gb","enabled_languages":["fr","gb"],"languages":{"fr":{"title":true,"content":true,"excerpt":true},"gb":{"title":false,"content":false,"excerpt":false}}},"jetpack_likes_enabled":true,"jetpack_sharing_enabled":true,"jetpack_shortlink":"https:\/\/wp.me\/Pax6fS-jV","amp_enabled":true,"_links":{"self":[{"href":"https:\/\/macteanimo.fr\/gb\/wp-json\/wp\/v2\/pages\/1235","targetHints":{"allow":["GET"]}}],"collection":[{"href":"https:\/\/macteanimo.fr\/gb\/wp-json\/wp\/v2\/pages"}],"about":[{"href":"https:\/\/macteanimo.fr\/gb\/wp-json\/wp\/v2\/types\/page"}],"author":[{"embeddable":true,"href":"https:\/\/macteanimo.fr\/gb\/wp-json\/wp\/v2\/users\/44262370"}],"replies":[{"embeddable":true,"href":"https:\/\/macteanimo.fr\/gb\/wp-json\/wp\/v2\/comments?post=1235"}],"version-history":[{"count":3,"href":"https:\/\/macteanimo.fr\/gb\/wp-json\/wp\/v2\/pages\/1235\/revisions"}],"predecessor-version":[{"id":1238,"href":"https:\/\/macteanimo.fr\/gb\/wp-json\/wp\/v2\/pages\/1235\/revisions\/1238"}],"wp:attachment":[{"href":"https:\/\/macteanimo.fr\/gb\/wp-json\/wp\/v2\/media?parent=1235"}],"curies":[{"name":"wp","href":"https:\/\/api.w.org\/{rel}","templated":true}]}}