{"id":1222,"date":"2020-08-09T15:39:35","date_gmt":"2020-08-09T14:39:35","guid":{"rendered":"https:\/\/macteanimo.fr\/?page_id=1222"},"modified":"2020-08-09T15:39:36","modified_gmt":"2020-08-09T14:39:36","slug":"vous-etes-une-societe","status":"publish","type":"page","link":"https:\/\/macteanimo.fr\/gb\/services\/vous-etes-une-societe\/","title":{"rendered":"Vous \u00eates une soci\u00e9t\u00e9"},"content":{"rendered":"\n<p>Vous souhaitez traduire votre site site web mis vous ne savez pas par o\u00f9 commencer ? Nous pouvons vous aider en partageant nos connaissances et notre savoir fait acquis en travaillant avec les gafa.<br><br>Nous voua apportons une solution cl\u00e9 en main  de traduction et d&#8217;optimisation en SEO multilingue.<br> <\/p>\n","protected":false},"excerpt":{"rendered":"<p>Vous souhaitez traduire votre site site web mis vous ne savez pas par o\u00f9 commencer ? Nous pouvons vous aider en partageant nos connaissances et notre savoir fait acquis en travaillant avec les gafa. Nous voua apportons une solution cl\u00e9 en main de traduction et d&#8217;optimisation en SEO multilingue.<\/p>\n","protected":false},"author":44262370,"featured_media":0,"parent":58,"menu_order":-1,"comment_status":"closed","ping_status":"closed","template":"","meta":{"advanced_seo_description":"","jetpack_seo_html_title":"","jetpack_seo_noindex":false,"footnotes":""},"class_list":["post-1222","page","type-page","status-publish","hentry"],"translation":{"provider":"WPGlobus","version":"3.0.2","language":"gb","enabled_languages":["fr","gb"],"languages":{"fr":{"title":true,"content":true,"excerpt":false},"gb":{"title":false,"content":false,"excerpt":false}}},"jetpack_likes_enabled":true,"jetpack_sharing_enabled":true,"jetpack_shortlink":"https:\/\/wp.me\/Pax6fS-jI","amp_enabled":true,"_links":{"self":[{"href":"https:\/\/macteanimo.fr\/gb\/wp-json\/wp\/v2\/pages\/1222","targetHints":{"allow":["GET"]}}],"collection":[{"href":"https:\/\/macteanimo.fr\/gb\/wp-json\/wp\/v2\/pages"}],"about":[{"href":"https:\/\/macteanimo.fr\/gb\/wp-json\/wp\/v2\/types\/page"}],"author":[{"embeddable":true,"href":"https:\/\/macteanimo.fr\/gb\/wp-json\/wp\/v2\/users\/44262370"}],"replies":[{"embeddable":true,"href":"https:\/\/macteanimo.fr\/gb\/wp-json\/wp\/v2\/comments?post=1222"}],"version-history":[{"count":1,"href":"https:\/\/macteanimo.fr\/gb\/wp-json\/wp\/v2\/pages\/1222\/revisions"}],"predecessor-version":[{"id":1223,"href":"https:\/\/macteanimo.fr\/gb\/wp-json\/wp\/v2\/pages\/1222\/revisions\/1223"}],"up":[{"embeddable":true,"href":"https:\/\/macteanimo.fr\/gb\/wp-json\/wp\/v2\/pages\/58"}],"wp:attachment":[{"href":"https:\/\/macteanimo.fr\/gb\/wp-json\/wp\/v2\/media?parent=1222"}],"curies":[{"name":"wp","href":"https:\/\/api.w.org\/{rel}","templated":true}]}}